{"id":179,"date":"2021-03-31T11:12:53","date_gmt":"2021-03-31T11:12:53","guid":{"rendered":"https:\/\/uyumplast.com\/ONLINE\/?post_type=product&#038;p=179"},"modified":"2025-10-19T21:26:58","modified_gmt":"2025-10-19T21:26:58","slug":"2-mm-altin-cizgi-acma-banti","status":"publish","type":"product","link":"https:\/\/uyumplast.com\/ONLINE\/urun\/2-mm-altin-cizgi-acma-banti\/","title":{"rendered":"2 mm Alt\u0131n \u00c7izgi A\u00e7ma bant\u0131 (Gold Line)"},"content":{"rendered":"<p style=\"padding-left: 40px;\"><span style=\"color: #ffcc00;\"><strong>2 mm Alt\u0131n \u00c7izgi a\u00e7ma Bant\u0131 (Gold Line)<\/strong><\/span><\/p>\n<p><b>Kolay a\u00e7ma band\u0131<\/b>\u00a0;<\/p>\n<p>Sigara, kart, \u00e7iklet, bisk\u00fcvi, kaset ,CD paketleri,flip-<wbr \/>top, kutu ambalajlar\u0131nda kullan\u0131lmaktad\u0131r.<\/p>\n<p>Kendinden yap\u0131\u015fkan\u0131 sayesinde ka\u011f\u0131t,opp,cpp,pe,selefon gibi ambalaj filmlerine \u00e7abucak yap\u0131\u015f\u0131r<\/p>\n","protected":false},"excerpt":{"rendered":"<p>2 mm Alt\u0131n \u00c7izgi kolay a\u00e7ma Bant\u0131 (Gold Line)<\/p>\n<p>6000m. uzunluk<\/p>\n","protected":false},"featured_media":166,"comment_status":"closed","ping_status":"closed","template":"","meta":{"site-sidebar-layout":"default","site-content-layout":"","ast-site-content-layout":"default","site-content-style":"default","site-sidebar-style":"default","ast-global-header-display":"","ast-banner-title-visibility":"","ast-main-header-display":"","ast-hfb-above-header-display":"","ast-hfb-below-header-display":"","ast-hfb-mobile-header-display":"","site-post-title":"","ast-breadcrumbs-content":"","ast-featured-img":"","footer-sml-layout":"","ast-disable-related-posts":"","theme-transparent-header-meta":"","adv-header-id-meta":"","stick-header-meta":"","header-above-stick-meta":"","header-main-stick-meta":"","header-below-stick-meta":"","astra-migrate-meta-layouts":"default","ast-page-background-enabled":"default","ast-page-background-meta":{"desktop":{"background-color":"var(--ast-global-color-4)","background-image":"","background-repeat":"repeat","background-position":"center center","background-size":"auto","background-attachment":"scroll","background-type":"","background-media":"","overlay-type":"","overlay-color":"","overlay-opacity":"","overlay-gradient":""},"tablet":{"background-color":"","background-image":"","background-repeat":"repeat","background-position":"center center","background-size":"auto","background-attachment":"scroll","background-type":"","background-media":"","overlay-type":"","overlay-color":"","overlay-opacity":"","overlay-gradient":""},"mobile":{"background-color":"","background-image":"","background-repeat":"repeat","background-position":"center center","background-size":"auto","background-attachment":"scroll","background-type":"","background-media":"","overlay-type":"","overlay-color":"","overlay-opacity":"","overlay-gradient":""}},"ast-content-background-meta":{"desktop":{"background-color":"var(--ast-global-color-5)","background-image":"","background-repeat":"repeat","background-position":"center center","background-size":"auto","background-attachment":"scroll","background-type":"","background-media":"","overlay-type":"","overlay-color":"","overlay-opacity":"","overlay-gradient":""},"tablet":{"background-color":"var(--ast-global-color-5)","background-image":"","background-repeat":"repeat","background-position":"center center","background-size":"auto","background-attachment":"scroll","background-type":"","background-media":"","overlay-type":"","overlay-color":"","overlay-opacity":"","overlay-gradient":""},"mobile":{"background-color":"var(--ast-global-color-5)","background-image":"","background-repeat":"repeat","background-position":"center center","background-size":"auto","background-attachment":"scroll","background-type":"","background-media":"","overlay-type":"","overlay-color":"","overlay-opacity":"","overlay-gradient":""}}},"product_brand":[],"product_cat":[39],"product_tag":[50,51,46,45,41,44],"class_list":{"0":"post-179","1":"product","2":"type-product","3":"status-publish","4":"has-post-thumbnail","6":"product_cat-acma-banti","7":"product_tag-2mm-altin-cizgi-acma-bandi","8":"product_tag-2mm-gold-line-acma-bandi","9":"product_tag-biskuvi","10":"product_tag-ciklet","11":"product_tag-kolay-acma-seridi","12":"product_tag-sakiz","13":"desktop-align-left","14":"tablet-align-left","15":"mobile-align-left","17":"first","18":"instock","19":"taxable","20":"shipping-taxable","21":"purchasable","22":"product-type-simple"},"yoast_head":"<!-- This site is optimized with the Yoast SEO plugin v26.6 - https:\/\/yoast.com\/wordpress\/plugins\/seo\/ -->\n<title>2 mm Alt\u0131n \u00c7izgi A\u00e7ma bant\u0131 (Gold Line) - E-Ticaret UYUMPLAST AMBALAJ<\/title>\n<meta name=\"description\" content=\"Kolay a\u00e7ma band\u0131 ; Sigara, kart, \u00e7iklet, bisk\u00fcvi, kaset ,CD paketleri,flip-top, kutu ambalajlar\u0131nda kullan\u0131lmaktad\u0131r.Kendinden yap\u0131\u015fkan\u0131 sayesinde ka\u011f\u0131t,opp,cpp,pe,selefon gibi ambalaj filmlerine \u00e7abucak yap\u0131\u015f\u0131r\" \/>\n<meta name=\"robots\" content=\"index, follow, max-snippet:-1, max-image-preview:large, max-video-preview:-1\" \/>\n<link rel=\"canonical\" href=\"https:\/\/uyumplast.com\/ONLINE\/urun\/2-mm-altin-cizgi-acma-banti\/\" \/>\n<meta property=\"og:locale\" content=\"tr_TR\" \/>\n<meta property=\"og:type\" content=\"article\" \/>\n<meta property=\"og:title\" content=\"2 mm Alt\u0131n \u00c7izgi A\u00e7ma bant\u0131 (Gold Line) - E-Ticaret UYUMPLAST AMBALAJ\" \/>\n<meta property=\"og:description\" content=\"Kolay a\u00e7ma band\u0131 ; Sigara, kart, \u00e7iklet, bisk\u00fcvi, kaset ,CD paketleri,flip-top, kutu ambalajlar\u0131nda kullan\u0131lmaktad\u0131r.Kendinden yap\u0131\u015fkan\u0131 sayesinde ka\u011f\u0131t,opp,cpp,pe,selefon gibi ambalaj filmlerine \u00e7abucak yap\u0131\u015f\u0131r\" \/>\n<meta property=\"og:url\" content=\"https:\/\/uyumplast.com\/ONLINE\/urun\/2-mm-altin-cizgi-acma-banti\/\" \/>\n<meta property=\"og:site_name\" content=\"E-Ticaret UYUMPLAST AMBALAJ\" \/>\n<meta property=\"article:modified_time\" content=\"2025-10-19T21:26:58+00:00\" \/>\n<meta property=\"og:image\" content=\"https:\/\/i0.wp.com\/uyumplast.com\/ONLINE\/wp-content\/uploads\/2021\/03\/IMG-20210330-WA0045.jpg?fit=615%2C591&ssl=1\" \/>\n\t<meta property=\"og:image:width\" content=\"615\" \/>\n\t<meta property=\"og:image:height\" content=\"591\" \/>\n\t<meta property=\"og:image:type\" content=\"image\/jpeg\" \/>\n<meta name=\"twitter:card\" content=\"summary_large_image\" \/>\n<meta name=\"twitter:label1\" content=\"Tahmini okuma s\u00fcresi\" \/>\n\t<meta name=\"twitter:data1\" content=\"1 dakika\" \/>\n<script type=\"application\/ld+json\" class=\"yoast-schema-graph\">{\"@context\":\"https:\/\/schema.org\",\"@graph\":[{\"@type\":\"WebPage\",\"@id\":\"https:\/\/uyumplast.com\/ONLINE\/urun\/2-mm-altin-cizgi-acma-banti\/\",\"url\":\"https:\/\/uyumplast.com\/ONLINE\/urun\/2-mm-altin-cizgi-acma-banti\/\",\"name\":\"2 mm Alt\u0131n \u00c7izgi A\u00e7ma bant\u0131 (Gold Line) - E-Ticaret UYUMPLAST AMBALAJ\",\"isPartOf\":{\"@id\":\"https:\/\/uyumplast.com\/ONLINE\/#website\"},\"primaryImageOfPage\":{\"@id\":\"https:\/\/uyumplast.com\/ONLINE\/urun\/2-mm-altin-cizgi-acma-banti\/#primaryimage\"},\"image\":{\"@id\":\"https:\/\/uyumplast.com\/ONLINE\/urun\/2-mm-altin-cizgi-acma-banti\/#primaryimage\"},\"thumbnailUrl\":\"https:\/\/i0.wp.com\/uyumplast.com\/ONLINE\/wp-content\/uploads\/2021\/03\/IMG-20210330-WA0045.jpg?fit=615%2C591&ssl=1\",\"datePublished\":\"2021-03-31T11:12:53+00:00\",\"dateModified\":\"2025-10-19T21:26:58+00:00\",\"description\":\"Kolay a\u00e7ma band\u0131 ; Sigara, kart, \u00e7iklet, bisk\u00fcvi, kaset ,CD paketleri,flip-top, kutu ambalajlar\u0131nda kullan\u0131lmaktad\u0131r.Kendinden yap\u0131\u015fkan\u0131 sayesinde ka\u011f\u0131t,opp,cpp,pe,selefon gibi ambalaj filmlerine \u00e7abucak yap\u0131\u015f\u0131r\",\"breadcrumb\":{\"@id\":\"https:\/\/uyumplast.com\/ONLINE\/urun\/2-mm-altin-cizgi-acma-banti\/#breadcrumb\"},\"inLanguage\":\"tr\",\"potentialAction\":[{\"@type\":\"ReadAction\",\"target\":[\"https:\/\/uyumplast.com\/ONLINE\/urun\/2-mm-altin-cizgi-acma-banti\/\"]}]},{\"@type\":\"ImageObject\",\"inLanguage\":\"tr\",\"@id\":\"https:\/\/uyumplast.com\/ONLINE\/urun\/2-mm-altin-cizgi-acma-banti\/#primaryimage\",\"url\":\"https:\/\/i0.wp.com\/uyumplast.com\/ONLINE\/wp-content\/uploads\/2021\/03\/IMG-20210330-WA0045.jpg?fit=615%2C591&ssl=1\",\"contentUrl\":\"https:\/\/i0.wp.com\/uyumplast.com\/ONLINE\/wp-content\/uploads\/2021\/03\/IMG-20210330-WA0045.jpg?fit=615%2C591&ssl=1\",\"width\":615,\"height\":591,\"caption\":\"2 mm gold line alt\u0131n \u00e7izgi\"},{\"@type\":\"BreadcrumbList\",\"@id\":\"https:\/\/uyumplast.com\/ONLINE\/urun\/2-mm-altin-cizgi-acma-banti\/#breadcrumb\",\"itemListElement\":[{\"@type\":\"ListItem\",\"position\":1,\"name\":\"Anasayfa\",\"item\":\"https:\/\/uyumplast.com\/ONLINE\/\"},{\"@type\":\"ListItem\",\"position\":2,\"name\":\"Ma\u011faza\",\"item\":\"https:\/\/uyumplast.com\/ONLINE\/magaza\/\"},{\"@type\":\"ListItem\",\"position\":3,\"name\":\"2 mm Alt\u0131n \u00c7izgi A\u00e7ma bant\u0131 (Gold Line)\"}]},{\"@type\":\"WebSite\",\"@id\":\"https:\/\/uyumplast.com\/ONLINE\/#website\",\"url\":\"https:\/\/uyumplast.com\/ONLINE\/\",\"name\":\"E-Ticaret UYUMPLAST AMBALAJ\",\"description\":\"Uyumlu olmak Kazand\u0131r\u0131r\",\"publisher\":{\"@id\":\"https:\/\/uyumplast.com\/ONLINE\/#organization\"},\"potentialAction\":[{\"@type\":\"SearchAction\",\"target\":{\"@type\":\"EntryPoint\",\"urlTemplate\":\"https:\/\/uyumplast.com\/ONLINE\/?s={search_term_string}\"},\"query-input\":{\"@type\":\"PropertyValueSpecification\",\"valueRequired\":true,\"valueName\":\"search_term_string\"}}],\"inLanguage\":\"tr\"},{\"@type\":\"Organization\",\"@id\":\"https:\/\/uyumplast.com\/ONLINE\/#organization\",\"name\":\"E-Ticaret UYUMPLAST AMBALAJ\",\"url\":\"https:\/\/uyumplast.com\/ONLINE\/\",\"logo\":{\"@type\":\"ImageObject\",\"inLanguage\":\"tr\",\"@id\":\"https:\/\/uyumplast.com\/ONLINE\/#\/schema\/logo\/image\/\",\"url\":\"https:\/\/i0.wp.com\/uyumplast.com\/ONLINE\/wp-content\/uploads\/2021\/03\/cropped-uyumplast_LOGO-2.jpg?fit=399%2C250&ssl=1\",\"contentUrl\":\"https:\/\/i0.wp.com\/uyumplast.com\/ONLINE\/wp-content\/uploads\/2021\/03\/cropped-uyumplast_LOGO-2.jpg?fit=399%2C250&ssl=1\",\"width\":399,\"height\":250,\"caption\":\"E-Ticaret UYUMPLAST AMBALAJ\"},\"image\":{\"@id\":\"https:\/\/uyumplast.com\/ONLINE\/#\/schema\/logo\/image\/\"}}]}<\/script>\n<!-- \/ Yoast SEO plugin. -->","yoast_head_json":{"title":"2 mm Alt\u0131n \u00c7izgi A\u00e7ma bant\u0131 (Gold Line) - E-Ticaret UYUMPLAST AMBALAJ","description":"Kolay a\u00e7ma band\u0131 ; Sigara, kart, \u00e7iklet, bisk\u00fcvi, kaset ,CD paketleri,flip-top, kutu ambalajlar\u0131nda kullan\u0131lmaktad\u0131r.Kendinden yap\u0131\u015fkan\u0131 sayesinde ka\u011f\u0131t,opp,cpp,pe,selefon gibi ambalaj filmlerine \u00e7abucak yap\u0131\u015f\u0131r","robots":{"index":"index","follow":"follow","max-snippet":"max-snippet:-1","max-image-preview":"max-image-preview:large","max-video-preview":"max-video-preview:-1"},"canonical":"https:\/\/uyumplast.com\/ONLINE\/urun\/2-mm-altin-cizgi-acma-banti\/","og_locale":"tr_TR","og_type":"article","og_title":"2 mm Alt\u0131n \u00c7izgi A\u00e7ma bant\u0131 (Gold Line) - E-Ticaret UYUMPLAST AMBALAJ","og_description":"Kolay a\u00e7ma band\u0131 ; Sigara, kart, \u00e7iklet, bisk\u00fcvi, kaset ,CD paketleri,flip-top, kutu ambalajlar\u0131nda kullan\u0131lmaktad\u0131r.Kendinden yap\u0131\u015fkan\u0131 sayesinde ka\u011f\u0131t,opp,cpp,pe,selefon gibi ambalaj filmlerine \u00e7abucak yap\u0131\u015f\u0131r","og_url":"https:\/\/uyumplast.com\/ONLINE\/urun\/2-mm-altin-cizgi-acma-banti\/","og_site_name":"E-Ticaret UYUMPLAST AMBALAJ","article_modified_time":"2025-10-19T21:26:58+00:00","og_image":[{"width":615,"height":591,"url":"https:\/\/i0.wp.com\/uyumplast.com\/ONLINE\/wp-content\/uploads\/2021\/03\/IMG-20210330-WA0045.jpg?fit=615%2C591&ssl=1","type":"image\/jpeg"}],"twitter_card":"summary_large_image","twitter_misc":{"Tahmini okuma s\u00fcresi":"1 dakika"},"schema":{"@context":"https:\/\/schema.org","@graph":[{"@type":"WebPage","@id":"https:\/\/uyumplast.com\/ONLINE\/urun\/2-mm-altin-cizgi-acma-banti\/","url":"https:\/\/uyumplast.com\/ONLINE\/urun\/2-mm-altin-cizgi-acma-banti\/","name":"2 mm Alt\u0131n \u00c7izgi A\u00e7ma bant\u0131 (Gold Line) - E-Ticaret UYUMPLAST AMBALAJ","isPartOf":{"@id":"https:\/\/uyumplast.com\/ONLINE\/#website"},"primaryImageOfPage":{"@id":"https:\/\/uyumplast.com\/ONLINE\/urun\/2-mm-altin-cizgi-acma-banti\/#primaryimage"},"image":{"@id":"https:\/\/uyumplast.com\/ONLINE\/urun\/2-mm-altin-cizgi-acma-banti\/#primaryimage"},"thumbnailUrl":"https:\/\/i0.wp.com\/uyumplast.com\/ONLINE\/wp-content\/uploads\/2021\/03\/IMG-20210330-WA0045.jpg?fit=615%2C591&ssl=1","datePublished":"2021-03-31T11:12:53+00:00","dateModified":"2025-10-19T21:26:58+00:00","description":"Kolay a\u00e7ma band\u0131 ; Sigara, kart, \u00e7iklet, bisk\u00fcvi, kaset ,CD paketleri,flip-top, kutu ambalajlar\u0131nda kullan\u0131lmaktad\u0131r.Kendinden yap\u0131\u015fkan\u0131 sayesinde ka\u011f\u0131t,opp,cpp,pe,selefon gibi ambalaj filmlerine \u00e7abucak yap\u0131\u015f\u0131r","breadcrumb":{"@id":"https:\/\/uyumplast.com\/ONLINE\/urun\/2-mm-altin-cizgi-acma-banti\/#breadcrumb"},"inLanguage":"tr","potentialAction":[{"@type":"ReadAction","target":["https:\/\/uyumplast.com\/ONLINE\/urun\/2-mm-altin-cizgi-acma-banti\/"]}]},{"@type":"ImageObject","inLanguage":"tr","@id":"https:\/\/uyumplast.com\/ONLINE\/urun\/2-mm-altin-cizgi-acma-banti\/#primaryimage","url":"https:\/\/i0.wp.com\/uyumplast.com\/ONLINE\/wp-content\/uploads\/2021\/03\/IMG-20210330-WA0045.jpg?fit=615%2C591&ssl=1","contentUrl":"https:\/\/i0.wp.com\/uyumplast.com\/ONLINE\/wp-content\/uploads\/2021\/03\/IMG-20210330-WA0045.jpg?fit=615%2C591&ssl=1","width":615,"height":591,"caption":"2 mm gold line alt\u0131n \u00e7izgi"},{"@type":"BreadcrumbList","@id":"https:\/\/uyumplast.com\/ONLINE\/urun\/2-mm-altin-cizgi-acma-banti\/#breadcrumb","itemListElement":[{"@type":"ListItem","position":1,"name":"Anasayfa","item":"https:\/\/uyumplast.com\/ONLINE\/"},{"@type":"ListItem","position":2,"name":"Ma\u011faza","item":"https:\/\/uyumplast.com\/ONLINE\/magaza\/"},{"@type":"ListItem","position":3,"name":"2 mm Alt\u0131n \u00c7izgi A\u00e7ma bant\u0131 (Gold Line)"}]},{"@type":"WebSite","@id":"https:\/\/uyumplast.com\/ONLINE\/#website","url":"https:\/\/uyumplast.com\/ONLINE\/","name":"E-Ticaret UYUMPLAST AMBALAJ","description":"Uyumlu olmak Kazand\u0131r\u0131r","publisher":{"@id":"https:\/\/uyumplast.com\/ONLINE\/#organization"},"potentialAction":[{"@type":"SearchAction","target":{"@type":"EntryPoint","urlTemplate":"https:\/\/uyumplast.com\/ONLINE\/?s={search_term_string}"},"query-input":{"@type":"PropertyValueSpecification","valueRequired":true,"valueName":"search_term_string"}}],"inLanguage":"tr"},{"@type":"Organization","@id":"https:\/\/uyumplast.com\/ONLINE\/#organization","name":"E-Ticaret UYUMPLAST AMBALAJ","url":"https:\/\/uyumplast.com\/ONLINE\/","logo":{"@type":"ImageObject","inLanguage":"tr","@id":"https:\/\/uyumplast.com\/ONLINE\/#\/schema\/logo\/image\/","url":"https:\/\/i0.wp.com\/uyumplast.com\/ONLINE\/wp-content\/uploads\/2021\/03\/cropped-uyumplast_LOGO-2.jpg?fit=399%2C250&ssl=1","contentUrl":"https:\/\/i0.wp.com\/uyumplast.com\/ONLINE\/wp-content\/uploads\/2021\/03\/cropped-uyumplast_LOGO-2.jpg?fit=399%2C250&ssl=1","width":399,"height":250,"caption":"E-Ticaret UYUMPLAST AMBALAJ"},"image":{"@id":"https:\/\/uyumplast.com\/ONLINE\/#\/schema\/logo\/image\/"}}]}},"jetpack-related-posts":[],"jetpack_sharing_enabled":true,"_links":{"self":[{"href":"https:\/\/uyumplast.com\/ONLINE\/wp-json\/wp\/v2\/product\/179","targetHints":{"allow":["GET"]}}],"collection":[{"href":"https:\/\/uyumplast.com\/ONLINE\/wp-json\/wp\/v2\/product"}],"about":[{"href":"https:\/\/uyumplast.com\/ONLINE\/wp-json\/wp\/v2\/types\/product"}],"replies":[{"embeddable":true,"href":"https:\/\/uyumplast.com\/ONLINE\/wp-json\/wp\/v2\/comments?post=179"}],"wp:featuredmedia":[{"embeddable":true,"href":"https:\/\/uyumplast.com\/ONLINE\/wp-json\/wp\/v2\/media\/166"}],"wp:attachment":[{"href":"https:\/\/uyumplast.com\/ONLINE\/wp-json\/wp\/v2\/media?parent=179"}],"wp:term":[{"taxonomy":"product_brand","embeddable":true,"href":"https:\/\/uyumplast.com\/ONLINE\/wp-json\/wp\/v2\/product_brand?post=179"},{"taxonomy":"product_cat","embeddable":true,"href":"https:\/\/uyumplast.com\/ONLINE\/wp-json\/wp\/v2\/product_cat?post=179"},{"taxonomy":"product_tag","embeddable":true,"href":"https:\/\/uyumplast.com\/ONLINE\/wp-json\/wp\/v2\/product_tag?post=179"}],"curies":[{"name":"wp","href":"https:\/\/api.w.org\/{rel}","templated":true}]}}