{"id":183,"date":"2021-04-01T10:35:46","date_gmt":"2021-04-01T10:35:46","guid":{"rendered":"https:\/\/uyumplast.com\/ONLINE\/?post_type=product&#038;p=183"},"modified":"2023-11-28T06:38:02","modified_gmt":"2023-11-28T06:38:02","slug":"250-mm-pvc-shrink-film","status":"publish","type":"product","link":"https:\/\/uyumplast.com\/ONLINE\/urun\/250-mm-pvc-shrink-film\/","title":{"rendered":"250 mm Pvc Shrink Film"},"content":{"rendered":"<h1 style=\"padding-left: 40px; text-align: center;\"><strong>250 mm Pvc Shrink Film 17,19,21,23 Mikron<\/strong><\/h1>\n<hr \/>\n<h2>PVC SHR\u0130NK F\u0130LM<\/h2>\n<p>PVC Shrink Film 17,19,21,23 Mikron olarak sat\u0131n al\u0131nabilir.<\/p>\n<p>PVC Shrink Film manuel, yar\u0131 otomatik veya otomatik makinelerde d\u00fc\u015f\u00fck \u0131s\u0131larda y\u00fcksek verim sa\u011flamaktad\u0131r. Ambalajlanan \u00fcr\u00fcne m\u00fckemmel parlakl\u0131k ve \u015feffafl\u0131k kazand\u0131rarak y\u0131rt\u0131lmaya kar\u015f\u0131 y\u00fcksek dayan\u0131m sa\u011flar ve \u00fcr\u00fcn\u00fc d\u0131\u015f etkilere kar\u015f\u0131 korur\u00a0son derece esnek ve darbelere kar\u015f\u0131 mukavemeti y\u00fcksek bir \u00fcr\u00fcnd\u00fcr.<\/p>\n<p>PVC Shrink filmdeki y\u00fcksek saydaml\u0131k ve parlakl\u0131k ambalajlanan \u00fcr\u00fcne cazip bir g\u00f6r\u00fcn\u00fcm katt\u0131\u011f\u0131 gibi sat\u0131\u015f\u0131n\u0131 da h\u0131zland\u0131r\u0131r. Bu \u00fcr\u00fcn g\u0131da, kozmetik, parf\u00fcmeri, hediyelik ev e\u015fyalar\u0131, oyuncak, k\u0131rtasiye ve daha bir\u00a0\u00e7ok sekt\u00f6rde sorunsuz olarak kullan\u0131lmaktad\u0131r.<\/p>\n","protected":false},"excerpt":{"rendered":"<h1>250mm PVC Shrink Film<\/h1>\n<p>PVC Shrink Film 17,19,21,23 Mikron<\/p>\n<pre style=\"text-align: center;\"><\/pre>\n","protected":false},"featured_media":184,"comment_status":"closed","ping_status":"closed","template":"","meta":{"site-sidebar-layout":"default","site-content-layout":"","ast-site-content-layout":"default","site-content-style":"default","site-sidebar-style":"default","ast-global-header-display":"","ast-banner-title-visibility":"","ast-main-header-display":"","ast-hfb-above-header-display":"","ast-hfb-below-header-display":"","ast-hfb-mobile-header-display":"","site-post-title":"","ast-breadcrumbs-content":"","ast-featured-img":"","footer-sml-layout":"","ast-disable-related-posts":"","theme-transparent-header-meta":"","adv-header-id-meta":"","stick-header-meta":"","header-above-stick-meta":"","header-main-stick-meta":"","header-below-stick-meta":"","astra-migrate-meta-layouts":"default","ast-page-background-enabled":"default","ast-page-background-meta":{"desktop":{"background-color":"var(--ast-global-color-4)","background-image":"","background-repeat":"repeat","background-position":"center center","background-size":"auto","background-attachment":"scroll","background-type":"","background-media":"","overlay-type":"","overlay-color":"","overlay-opacity":"","overlay-gradient":""},"tablet":{"background-color":"","background-image":"","background-repeat":"repeat","background-position":"center center","background-size":"auto","background-attachment":"scroll","background-type":"","background-media":"","overlay-type":"","overlay-color":"","overlay-opacity":"","overlay-gradient":""},"mobile":{"background-color":"","background-image":"","background-repeat":"repeat","background-position":"center center","background-size":"auto","background-attachment":"scroll","background-type":"","background-media":"","overlay-type":"","overlay-color":"","overlay-opacity":"","overlay-gradient":""}},"ast-content-background-meta":{"desktop":{"background-color":"var(--ast-global-color-5)","background-image":"","background-repeat":"repeat","background-position":"center center","background-size":"auto","background-attachment":"scroll","background-type":"","background-media":"","overlay-type":"","overlay-color":"","overlay-opacity":"","overlay-gradient":""},"tablet":{"background-color":"var(--ast-global-color-5)","background-image":"","background-repeat":"repeat","background-position":"center center","background-size":"auto","background-attachment":"scroll","background-type":"","background-media":"","overlay-type":"","overlay-color":"","overlay-opacity":"","overlay-gradient":""},"mobile":{"background-color":"var(--ast-global-color-5)","background-image":"","background-repeat":"repeat","background-position":"center center","background-size":"auto","background-attachment":"scroll","background-type":"","background-media":"","overlay-type":"","overlay-color":"","overlay-opacity":"","overlay-gradient":""}}},"product_brand":[],"product_cat":[55],"product_tag":[57,58,59,60,56,68,73,66,61,64,67,62,65,63,70,69,71,74,72],"class_list":{"0":"post-183","1":"product","2":"type-product","3":"status-publish","4":"has-post-thumbnail","6":"product_cat-shrink","7":"product_tag-17-mikron-pvc-shrink-film","8":"product_tag-19-mikron-pvc-shrink-film","9":"product_tag-21-mikron-pvc-shrink-film","10":"product_tag-23-mikron-pvc-shrink-film","11":"product_tag-250mm-pvc-shrink-film","12":"product_tag-darbe-koruyucu-ambalaj","13":"product_tag-dayanikli-ambalaj","14":"product_tag-esnek-ambalaj","15":"product_tag-gida-ambalaji","16":"product_tag-hediyelik-esya-ambalaji","17":"product_tag-koruyucu-ambalaj","18":"product_tag-kozmetik-ambalaji","19":"product_tag-oyuncak-ambalaji","20":"product_tag-parfum-ambalaji","21":"product_tag-parlak-ambalaj","22":"product_tag-saydam-ambalaj","23":"product_tag-seffaf-ambalaj","24":"product_tag-shrink-film","25":"product_tag-yirtilmaz-ambalaj","26":"desktop-align-left","27":"tablet-align-left","28":"mobile-align-left","30":"first","31":"outofstock","32":"taxable","33":"shipping-taxable","34":"purchasable","35":"product-type-simple"},"yoast_head":"<!-- This site is optimized with the Yoast SEO plugin v26.6 - https:\/\/yoast.com\/wordpress\/plugins\/seo\/ -->\n<title>250 mm Pvc Shrink Film - E-Ticaret UYUMPLAST AMBALAJ<\/title>\n<meta name=\"description\" content=\"PVC Shrink Film \u00fcr\u00fcne m\u00fckemmel parlakl\u0131k ve \u015feffafl\u0131k kazand\u0131rarak y\u0131rt\u0131lmaya kar\u015f\u0131 y\u00fcksek dayan\u0131m sa\u011flar ve \u00fcr\u00fcn\u00fc d\u0131\u015f etkilere kar\u015f\u0131 korur\u00a0son derece esnek ve darbelere kar\u015f\u0131 mukavemeti y\u00fcksek bir \u00fcr\u00fcnd\u00fcr.PVC Shrink filmdeki y\u00fcksek saydaml\u0131k ve parlakl\u0131k ambalajlanan \u00fcr\u00fcne cazip bir g\u00f6r\u00fcn\u00fcm katt\u0131\u011f\u0131 gibi sat\u0131\u015f\u0131n\u0131 da h\u0131zland\u0131r\u0131r. Bu \u00fcr\u00fcn g\u0131da, kozmetik, parf\u00fcmeri, hediyelik ev e\u015fyalar\u0131, oyuncak, k\u0131rtasiye ve daha bir\u00a0\u00e7ok sekt\u00f6rde sorunsuz olarak kullan\u0131lmaktad\u0131r. Pvc Shrink Film 17,19,21,23 Mikron\" \/>\n<meta name=\"robots\" content=\"index, follow, max-snippet:-1, max-image-preview:large, max-video-preview:-1\" \/>\n<link rel=\"canonical\" href=\"https:\/\/uyumplast.com\/ONLINE\/urun\/250-mm-pvc-shrink-film\/\" \/>\n<meta property=\"og:locale\" content=\"tr_TR\" \/>\n<meta property=\"og:type\" content=\"article\" \/>\n<meta property=\"og:title\" content=\"250 mm Pvc Shrink Film - E-Ticaret UYUMPLAST AMBALAJ\" \/>\n<meta property=\"og:description\" content=\"PVC Shrink Film \u00fcr\u00fcne m\u00fckemmel parlakl\u0131k ve \u015feffafl\u0131k kazand\u0131rarak y\u0131rt\u0131lmaya kar\u015f\u0131 y\u00fcksek dayan\u0131m sa\u011flar ve \u00fcr\u00fcn\u00fc d\u0131\u015f etkilere kar\u015f\u0131 korur\u00a0son derece esnek ve darbelere kar\u015f\u0131 mukavemeti y\u00fcksek bir \u00fcr\u00fcnd\u00fcr.PVC Shrink filmdeki y\u00fcksek saydaml\u0131k ve parlakl\u0131k ambalajlanan \u00fcr\u00fcne cazip bir g\u00f6r\u00fcn\u00fcm katt\u0131\u011f\u0131 gibi sat\u0131\u015f\u0131n\u0131 da h\u0131zland\u0131r\u0131r. Bu \u00fcr\u00fcn g\u0131da, kozmetik, parf\u00fcmeri, hediyelik ev e\u015fyalar\u0131, oyuncak, k\u0131rtasiye ve daha bir\u00a0\u00e7ok sekt\u00f6rde sorunsuz olarak kullan\u0131lmaktad\u0131r. Pvc Shrink Film 17,19,21,23 Mikron\" \/>\n<meta property=\"og:url\" content=\"https:\/\/uyumplast.com\/ONLINE\/urun\/250-mm-pvc-shrink-film\/\" \/>\n<meta property=\"og:site_name\" content=\"E-Ticaret UYUMPLAST AMBALAJ\" \/>\n<meta property=\"article:modified_time\" content=\"2023-11-28T06:38:02+00:00\" \/>\n<meta property=\"og:image\" content=\"https:\/\/i0.wp.com\/uyumplast.com\/ONLINE\/wp-content\/uploads\/2021\/04\/pvc-shrink-e1617278832123.jpeg?fit=1148%2C1140&ssl=1\" \/>\n\t<meta property=\"og:image:width\" content=\"1148\" \/>\n\t<meta property=\"og:image:height\" content=\"1140\" \/>\n\t<meta property=\"og:image:type\" content=\"image\/jpeg\" \/>\n<meta name=\"twitter:card\" content=\"summary_large_image\" \/>\n<meta name=\"twitter:label1\" content=\"Tahmini okuma s\u00fcresi\" \/>\n\t<meta name=\"twitter:data1\" content=\"1 dakika\" \/>\n<script type=\"application\/ld+json\" class=\"yoast-schema-graph\">{\"@context\":\"https:\/\/schema.org\",\"@graph\":[{\"@type\":\"WebPage\",\"@id\":\"https:\/\/uyumplast.com\/ONLINE\/urun\/250-mm-pvc-shrink-film\/\",\"url\":\"https:\/\/uyumplast.com\/ONLINE\/urun\/250-mm-pvc-shrink-film\/\",\"name\":\"250 mm Pvc Shrink Film - E-Ticaret UYUMPLAST AMBALAJ\",\"isPartOf\":{\"@id\":\"https:\/\/uyumplast.com\/ONLINE\/#website\"},\"primaryImageOfPage\":{\"@id\":\"https:\/\/uyumplast.com\/ONLINE\/urun\/250-mm-pvc-shrink-film\/#primaryimage\"},\"image\":{\"@id\":\"https:\/\/uyumplast.com\/ONLINE\/urun\/250-mm-pvc-shrink-film\/#primaryimage\"},\"thumbnailUrl\":\"https:\/\/i0.wp.com\/uyumplast.com\/ONLINE\/wp-content\/uploads\/2021\/04\/pvc-shrink-e1617278832123.jpeg?fit=1148%2C1140&ssl=1\",\"datePublished\":\"2021-04-01T10:35:46+00:00\",\"dateModified\":\"2023-11-28T06:38:02+00:00\",\"description\":\"PVC Shrink Film \u00fcr\u00fcne m\u00fckemmel parlakl\u0131k ve \u015feffafl\u0131k kazand\u0131rarak y\u0131rt\u0131lmaya kar\u015f\u0131 y\u00fcksek dayan\u0131m sa\u011flar ve \u00fcr\u00fcn\u00fc d\u0131\u015f etkilere kar\u015f\u0131 korur\u00a0son derece esnek ve darbelere kar\u015f\u0131 mukavemeti y\u00fcksek bir \u00fcr\u00fcnd\u00fcr.PVC Shrink filmdeki y\u00fcksek saydaml\u0131k ve parlakl\u0131k ambalajlanan \u00fcr\u00fcne cazip bir g\u00f6r\u00fcn\u00fcm katt\u0131\u011f\u0131 gibi sat\u0131\u015f\u0131n\u0131 da h\u0131zland\u0131r\u0131r. Bu \u00fcr\u00fcn g\u0131da, kozmetik, parf\u00fcmeri, hediyelik ev e\u015fyalar\u0131, oyuncak, k\u0131rtasiye ve daha bir\u00a0\u00e7ok sekt\u00f6rde sorunsuz olarak kullan\u0131lmaktad\u0131r. Pvc Shrink Film 17,19,21,23 Mikron\",\"breadcrumb\":{\"@id\":\"https:\/\/uyumplast.com\/ONLINE\/urun\/250-mm-pvc-shrink-film\/#breadcrumb\"},\"inLanguage\":\"tr\",\"potentialAction\":[{\"@type\":\"ReadAction\",\"target\":[\"https:\/\/uyumplast.com\/ONLINE\/urun\/250-mm-pvc-shrink-film\/\"]}]},{\"@type\":\"ImageObject\",\"inLanguage\":\"tr\",\"@id\":\"https:\/\/uyumplast.com\/ONLINE\/urun\/250-mm-pvc-shrink-film\/#primaryimage\",\"url\":\"https:\/\/i0.wp.com\/uyumplast.com\/ONLINE\/wp-content\/uploads\/2021\/04\/pvc-shrink-e1617278832123.jpeg?fit=1148%2C1140&ssl=1\",\"contentUrl\":\"https:\/\/i0.wp.com\/uyumplast.com\/ONLINE\/wp-content\/uploads\/2021\/04\/pvc-shrink-e1617278832123.jpeg?fit=1148%2C1140&ssl=1\",\"width\":1148,\"height\":1140},{\"@type\":\"BreadcrumbList\",\"@id\":\"https:\/\/uyumplast.com\/ONLINE\/urun\/250-mm-pvc-shrink-film\/#breadcrumb\",\"itemListElement\":[{\"@type\":\"ListItem\",\"position\":1,\"name\":\"Anasayfa\",\"item\":\"https:\/\/uyumplast.com\/ONLINE\/\"},{\"@type\":\"ListItem\",\"position\":2,\"name\":\"Ma\u011faza\",\"item\":\"https:\/\/uyumplast.com\/ONLINE\/magaza\/\"},{\"@type\":\"ListItem\",\"position\":3,\"name\":\"250 mm Pvc Shrink Film\"}]},{\"@type\":\"WebSite\",\"@id\":\"https:\/\/uyumplast.com\/ONLINE\/#website\",\"url\":\"https:\/\/uyumplast.com\/ONLINE\/\",\"name\":\"E-Ticaret UYUMPLAST AMBALAJ\",\"description\":\"Uyumlu olmak Kazand\u0131r\u0131r\",\"publisher\":{\"@id\":\"https:\/\/uyumplast.com\/ONLINE\/#organization\"},\"potentialAction\":[{\"@type\":\"SearchAction\",\"target\":{\"@type\":\"EntryPoint\",\"urlTemplate\":\"https:\/\/uyumplast.com\/ONLINE\/?s={search_term_string}\"},\"query-input\":{\"@type\":\"PropertyValueSpecification\",\"valueRequired\":true,\"valueName\":\"search_term_string\"}}],\"inLanguage\":\"tr\"},{\"@type\":\"Organization\",\"@id\":\"https:\/\/uyumplast.com\/ONLINE\/#organization\",\"name\":\"E-Ticaret UYUMPLAST AMBALAJ\",\"url\":\"https:\/\/uyumplast.com\/ONLINE\/\",\"logo\":{\"@type\":\"ImageObject\",\"inLanguage\":\"tr\",\"@id\":\"https:\/\/uyumplast.com\/ONLINE\/#\/schema\/logo\/image\/\",\"url\":\"https:\/\/i0.wp.com\/uyumplast.com\/ONLINE\/wp-content\/uploads\/2021\/03\/cropped-uyumplast_LOGO-2.jpg?fit=399%2C250&ssl=1\",\"contentUrl\":\"https:\/\/i0.wp.com\/uyumplast.com\/ONLINE\/wp-content\/uploads\/2021\/03\/cropped-uyumplast_LOGO-2.jpg?fit=399%2C250&ssl=1\",\"width\":399,\"height\":250,\"caption\":\"E-Ticaret UYUMPLAST AMBALAJ\"},\"image\":{\"@id\":\"https:\/\/uyumplast.com\/ONLINE\/#\/schema\/logo\/image\/\"}}]}<\/script>\n<!-- \/ Yoast SEO plugin. -->","yoast_head_json":{"title":"250 mm Pvc Shrink Film - E-Ticaret UYUMPLAST AMBALAJ","description":"PVC Shrink Film \u00fcr\u00fcne m\u00fckemmel parlakl\u0131k ve \u015feffafl\u0131k kazand\u0131rarak y\u0131rt\u0131lmaya kar\u015f\u0131 y\u00fcksek dayan\u0131m sa\u011flar ve \u00fcr\u00fcn\u00fc d\u0131\u015f etkilere kar\u015f\u0131 korur\u00a0son derece esnek ve darbelere kar\u015f\u0131 mukavemeti y\u00fcksek bir \u00fcr\u00fcnd\u00fcr.PVC Shrink filmdeki y\u00fcksek saydaml\u0131k ve parlakl\u0131k ambalajlanan \u00fcr\u00fcne cazip bir g\u00f6r\u00fcn\u00fcm katt\u0131\u011f\u0131 gibi sat\u0131\u015f\u0131n\u0131 da h\u0131zland\u0131r\u0131r. Bu \u00fcr\u00fcn g\u0131da, kozmetik, parf\u00fcmeri, hediyelik ev e\u015fyalar\u0131, oyuncak, k\u0131rtasiye ve daha bir\u00a0\u00e7ok sekt\u00f6rde sorunsuz olarak kullan\u0131lmaktad\u0131r. Pvc Shrink Film 17,19,21,23 Mikron","robots":{"index":"index","follow":"follow","max-snippet":"max-snippet:-1","max-image-preview":"max-image-preview:large","max-video-preview":"max-video-preview:-1"},"canonical":"https:\/\/uyumplast.com\/ONLINE\/urun\/250-mm-pvc-shrink-film\/","og_locale":"tr_TR","og_type":"article","og_title":"250 mm Pvc Shrink Film - E-Ticaret UYUMPLAST AMBALAJ","og_description":"PVC Shrink Film \u00fcr\u00fcne m\u00fckemmel parlakl\u0131k ve \u015feffafl\u0131k kazand\u0131rarak y\u0131rt\u0131lmaya kar\u015f\u0131 y\u00fcksek dayan\u0131m sa\u011flar ve \u00fcr\u00fcn\u00fc d\u0131\u015f etkilere kar\u015f\u0131 korur\u00a0son derece esnek ve darbelere kar\u015f\u0131 mukavemeti y\u00fcksek bir \u00fcr\u00fcnd\u00fcr.PVC Shrink filmdeki y\u00fcksek saydaml\u0131k ve parlakl\u0131k ambalajlanan \u00fcr\u00fcne cazip bir g\u00f6r\u00fcn\u00fcm katt\u0131\u011f\u0131 gibi sat\u0131\u015f\u0131n\u0131 da h\u0131zland\u0131r\u0131r. Bu \u00fcr\u00fcn g\u0131da, kozmetik, parf\u00fcmeri, hediyelik ev e\u015fyalar\u0131, oyuncak, k\u0131rtasiye ve daha bir\u00a0\u00e7ok sekt\u00f6rde sorunsuz olarak kullan\u0131lmaktad\u0131r. Pvc Shrink Film 17,19,21,23 Mikron","og_url":"https:\/\/uyumplast.com\/ONLINE\/urun\/250-mm-pvc-shrink-film\/","og_site_name":"E-Ticaret UYUMPLAST AMBALAJ","article_modified_time":"2023-11-28T06:38:02+00:00","og_image":[{"width":1148,"height":1140,"url":"https:\/\/i0.wp.com\/uyumplast.com\/ONLINE\/wp-content\/uploads\/2021\/04\/pvc-shrink-e1617278832123.jpeg?fit=1148%2C1140&ssl=1","type":"image\/jpeg"}],"twitter_card":"summary_large_image","twitter_misc":{"Tahmini okuma s\u00fcresi":"1 dakika"},"schema":{"@context":"https:\/\/schema.org","@graph":[{"@type":"WebPage","@id":"https:\/\/uyumplast.com\/ONLINE\/urun\/250-mm-pvc-shrink-film\/","url":"https:\/\/uyumplast.com\/ONLINE\/urun\/250-mm-pvc-shrink-film\/","name":"250 mm Pvc Shrink Film - E-Ticaret UYUMPLAST AMBALAJ","isPartOf":{"@id":"https:\/\/uyumplast.com\/ONLINE\/#website"},"primaryImageOfPage":{"@id":"https:\/\/uyumplast.com\/ONLINE\/urun\/250-mm-pvc-shrink-film\/#primaryimage"},"image":{"@id":"https:\/\/uyumplast.com\/ONLINE\/urun\/250-mm-pvc-shrink-film\/#primaryimage"},"thumbnailUrl":"https:\/\/i0.wp.com\/uyumplast.com\/ONLINE\/wp-content\/uploads\/2021\/04\/pvc-shrink-e1617278832123.jpeg?fit=1148%2C1140&ssl=1","datePublished":"2021-04-01T10:35:46+00:00","dateModified":"2023-11-28T06:38:02+00:00","description":"PVC Shrink Film \u00fcr\u00fcne m\u00fckemmel parlakl\u0131k ve \u015feffafl\u0131k kazand\u0131rarak y\u0131rt\u0131lmaya kar\u015f\u0131 y\u00fcksek dayan\u0131m sa\u011flar ve \u00fcr\u00fcn\u00fc d\u0131\u015f etkilere kar\u015f\u0131 korur\u00a0son derece esnek ve darbelere kar\u015f\u0131 mukavemeti y\u00fcksek bir \u00fcr\u00fcnd\u00fcr.PVC Shrink filmdeki y\u00fcksek saydaml\u0131k ve parlakl\u0131k ambalajlanan \u00fcr\u00fcne cazip bir g\u00f6r\u00fcn\u00fcm katt\u0131\u011f\u0131 gibi sat\u0131\u015f\u0131n\u0131 da h\u0131zland\u0131r\u0131r. Bu \u00fcr\u00fcn g\u0131da, kozmetik, parf\u00fcmeri, hediyelik ev e\u015fyalar\u0131, oyuncak, k\u0131rtasiye ve daha bir\u00a0\u00e7ok sekt\u00f6rde sorunsuz olarak kullan\u0131lmaktad\u0131r. Pvc Shrink Film 17,19,21,23 Mikron","breadcrumb":{"@id":"https:\/\/uyumplast.com\/ONLINE\/urun\/250-mm-pvc-shrink-film\/#breadcrumb"},"inLanguage":"tr","potentialAction":[{"@type":"ReadAction","target":["https:\/\/uyumplast.com\/ONLINE\/urun\/250-mm-pvc-shrink-film\/"]}]},{"@type":"ImageObject","inLanguage":"tr","@id":"https:\/\/uyumplast.com\/ONLINE\/urun\/250-mm-pvc-shrink-film\/#primaryimage","url":"https:\/\/i0.wp.com\/uyumplast.com\/ONLINE\/wp-content\/uploads\/2021\/04\/pvc-shrink-e1617278832123.jpeg?fit=1148%2C1140&ssl=1","contentUrl":"https:\/\/i0.wp.com\/uyumplast.com\/ONLINE\/wp-content\/uploads\/2021\/04\/pvc-shrink-e1617278832123.jpeg?fit=1148%2C1140&ssl=1","width":1148,"height":1140},{"@type":"BreadcrumbList","@id":"https:\/\/uyumplast.com\/ONLINE\/urun\/250-mm-pvc-shrink-film\/#breadcrumb","itemListElement":[{"@type":"ListItem","position":1,"name":"Anasayfa","item":"https:\/\/uyumplast.com\/ONLINE\/"},{"@type":"ListItem","position":2,"name":"Ma\u011faza","item":"https:\/\/uyumplast.com\/ONLINE\/magaza\/"},{"@type":"ListItem","position":3,"name":"250 mm Pvc Shrink Film"}]},{"@type":"WebSite","@id":"https:\/\/uyumplast.com\/ONLINE\/#website","url":"https:\/\/uyumplast.com\/ONLINE\/","name":"E-Ticaret UYUMPLAST AMBALAJ","description":"Uyumlu olmak Kazand\u0131r\u0131r","publisher":{"@id":"https:\/\/uyumplast.com\/ONLINE\/#organization"},"potentialAction":[{"@type":"SearchAction","target":{"@type":"EntryPoint","urlTemplate":"https:\/\/uyumplast.com\/ONLINE\/?s={search_term_string}"},"query-input":{"@type":"PropertyValueSpecification","valueRequired":true,"valueName":"search_term_string"}}],"inLanguage":"tr"},{"@type":"Organization","@id":"https:\/\/uyumplast.com\/ONLINE\/#organization","name":"E-Ticaret UYUMPLAST AMBALAJ","url":"https:\/\/uyumplast.com\/ONLINE\/","logo":{"@type":"ImageObject","inLanguage":"tr","@id":"https:\/\/uyumplast.com\/ONLINE\/#\/schema\/logo\/image\/","url":"https:\/\/i0.wp.com\/uyumplast.com\/ONLINE\/wp-content\/uploads\/2021\/03\/cropped-uyumplast_LOGO-2.jpg?fit=399%2C250&ssl=1","contentUrl":"https:\/\/i0.wp.com\/uyumplast.com\/ONLINE\/wp-content\/uploads\/2021\/03\/cropped-uyumplast_LOGO-2.jpg?fit=399%2C250&ssl=1","width":399,"height":250,"caption":"E-Ticaret UYUMPLAST AMBALAJ"},"image":{"@id":"https:\/\/uyumplast.com\/ONLINE\/#\/schema\/logo\/image\/"}}]}},"jetpack-related-posts":[],"jetpack_sharing_enabled":true,"_links":{"self":[{"href":"https:\/\/uyumplast.com\/ONLINE\/wp-json\/wp\/v2\/product\/183","targetHints":{"allow":["GET"]}}],"collection":[{"href":"https:\/\/uyumplast.com\/ONLINE\/wp-json\/wp\/v2\/product"}],"about":[{"href":"https:\/\/uyumplast.com\/ONLINE\/wp-json\/wp\/v2\/types\/product"}],"replies":[{"embeddable":true,"href":"https:\/\/uyumplast.com\/ONLINE\/wp-json\/wp\/v2\/comments?post=183"}],"wp:featuredmedia":[{"embeddable":true,"href":"https:\/\/uyumplast.com\/ONLINE\/wp-json\/wp\/v2\/media\/184"}],"wp:attachment":[{"href":"https:\/\/uyumplast.com\/ONLINE\/wp-json\/wp\/v2\/media?parent=183"}],"wp:term":[{"taxonomy":"product_brand","embeddable":true,"href":"https:\/\/uyumplast.com\/ONLINE\/wp-json\/wp\/v2\/product_brand?post=183"},{"taxonomy":"product_cat","embeddable":true,"href":"https:\/\/uyumplast.com\/ONLINE\/wp-json\/wp\/v2\/product_cat?post=183"},{"taxonomy":"product_tag","embeddable":true,"href":"https:\/\/uyumplast.com\/ONLINE\/wp-json\/wp\/v2\/product_tag?post=183"}],"curies":[{"name":"wp","href":"https:\/\/api.w.org\/{rel}","templated":true}]}}