{"id":195,"date":"2021-04-02T13:36:40","date_gmt":"2021-04-02T13:36:40","guid":{"rendered":"https:\/\/uyumplast.com\/ONLINE\/?post_type=product&#038;p=195"},"modified":"2021-12-17T14:43:21","modified_gmt":"2021-12-17T14:43:21","slug":"sicak-hava-tabancasi-atlas","status":"publish","type":"product","link":"https:\/\/uyumplast.com\/ONLINE\/urun\/sicak-hava-tabancasi-atlas\/","title":{"rendered":"S\u0131cak Hava Tabancas\u0131 2000w Atlas"},"content":{"rendered":"<h1 style=\"padding-left: 40px; text-align: center;\"><strong>S\u0131cak Hava Tabancas\u0131 2000w, 600\u00b0 <\/strong><strong>Derece<\/strong><\/h1>\n<hr \/>\n<h2 style=\"padding-left: 40px; text-align: left;\"><strong>S\u0131cak Hava Tabancas\u0131<\/strong><\/h2>\n<p>S\u0131cak hava tabancalar\u0131 sa\u00e7 kurutma makinelerine benzer ve \u00e7ok daha fazla s\u0131cak havay\u0131 daha uza\u011fa iletirler. 600 dereceye kadar \u0131s\u0131 yayabilir.<\/p>\n<p>G\u00fcvenli \u00e7al\u0131\u015fma i\u00e7in a\u015f\u0131r\u0131 \u0131s\u0131nma korumas\u0131. S\u0131cakl\u0131\u011f\u0131 ve hava h\u0131z\u0131n\u0131 belirli gereksinimlere g\u00f6re ayarlamak i\u00e7in iki g\u00fc\u00e7 ayar\u0131 vard\u0131r. Hassas objeler \u00fczerinde \u00e7al\u0131\u015fmak i\u00e7in m\u00fckemmel bir se\u00e7enektir.<\/p>\n<p>S\u0131cak hava tabancalar\u0131 sa\u00e7 kurutma makinelerine benzer ve \u00e7ok daha fazla s\u0131cak havay\u0131 daha uza\u011fa iletirler. 600 dereceye kadar \u0131s\u0131 yayabilir.<\/p>\n<p>G\u00fcvenli \u00e7al\u0131\u015fma i\u00e7in a\u015f\u0131r\u0131 \u0131s\u0131nma korumas\u0131. S\u0131cakl\u0131\u011f\u0131 ve hava h\u0131z\u0131n\u0131 belirli gereksinimlere g\u00f6re ayarlamak i\u00e7in iki g\u00fc\u00e7 ayar\u0131 vard\u0131r. Hassas objeler \u00fczerinde \u00e7al\u0131\u015fmak i\u00e7in m\u00fckemmel bir se\u00e7enektir.<\/p>\n<p><strong>Teknik \u00d6zellikleri:<\/strong><\/p>\n<p>2000W 600\u00b0 &#8211; 450\u00b0 s\u0131cakl\u0131k<\/p>\n<p><strong>Hava ak\u0131\u015f\u0131:<\/strong><\/p>\n<p>1. kademede hava ak\u0131\u015f\u0131 250 l\/dk<\/p>\n<p>2. kademede hava ak\u0131\u015f\u0131 500 l\/dk<\/p>\n<p><strong>A\u011f\u0131rl\u0131k:<\/strong> 0,80 KG<\/p>\n","protected":false},"excerpt":{"rendered":"<h1 style=\"padding-left: 40px; text-align: center;\"><strong>S\u0131cak Hava Tabancas\u0131 2000w<\/strong><\/h1>\n<p>2000w S\u0131cak Hava Tabancas\u0131 600 derece<\/p>\n<pre style=\"text-align: center;\"><\/pre>\n","protected":false},"featured_media":196,"comment_status":"closed","ping_status":"closed","template":"","meta":{"site-sidebar-layout":"default","site-content-layout":"","ast-site-content-layout":"default","site-content-style":"default","site-sidebar-style":"default","ast-global-header-display":"","ast-banner-title-visibility":"","ast-main-header-display":"","ast-hfb-above-header-display":"","ast-hfb-below-header-display":"","ast-hfb-mobile-header-display":"","site-post-title":"","ast-breadcrumbs-content":"","ast-featured-img":"","footer-sml-layout":"","ast-disable-related-posts":"","theme-transparent-header-meta":"","adv-header-id-meta":"","stick-header-meta":"","header-above-stick-meta":"","header-main-stick-meta":"","header-below-stick-meta":"","astra-migrate-meta-layouts":"default","ast-page-background-enabled":"default","ast-page-background-meta":{"desktop":{"background-color":"var(--ast-global-color-4)","background-image":"","background-repeat":"repeat","background-position":"center center","background-size":"auto","background-attachment":"scroll","background-type":"","background-media":"","overlay-type":"","overlay-color":"","overlay-opacity":"","overlay-gradient":""},"tablet":{"background-color":"","background-image":"","background-repeat":"repeat","background-position":"center center","background-size":"auto","background-attachment":"scroll","background-type":"","background-media":"","overlay-type":"","overlay-color":"","overlay-opacity":"","overlay-gradient":""},"mobile":{"background-color":"","background-image":"","background-repeat":"repeat","background-position":"center center","background-size":"auto","background-attachment":"scroll","background-type":"","background-media":"","overlay-type":"","overlay-color":"","overlay-opacity":"","overlay-gradient":""}},"ast-content-background-meta":{"desktop":{"background-color":"var(--ast-global-color-5)","background-image":"","background-repeat":"repeat","background-position":"center center","background-size":"auto","background-attachment":"scroll","background-type":"","background-media":"","overlay-type":"","overlay-color":"","overlay-opacity":"","overlay-gradient":""},"tablet":{"background-color":"var(--ast-global-color-5)","background-image":"","background-repeat":"repeat","background-position":"center center","background-size":"auto","background-attachment":"scroll","background-type":"","background-media":"","overlay-type":"","overlay-color":"","overlay-opacity":"","overlay-gradient":""},"mobile":{"background-color":"var(--ast-global-color-5)","background-image":"","background-repeat":"repeat","background-position":"center center","background-size":"auto","background-attachment":"scroll","background-type":"","background-media":"","overlay-type":"","overlay-color":"","overlay-opacity":"","overlay-gradient":""}}},"product_brand":[],"product_cat":[15,31,81],"product_tag":[99,86,84,95,91,96,85,90,88,94,83,97,87,82,89,92,93],"class_list":{"0":"post-195","1":"product","2":"type-product","3":"status-publish","4":"has-post-thumbnail","6":"product_cat-genel","7":"product_cat-garanti-bantlari","8":"product_cat-sicak-hava-tabancasi","9":"product_tag-atlas-sicak-hava-tabancasi","10":"product_tag-ayarli-sicak-hava-tabancasi","11":"product_tag-elektrikli-hava-tabancasi","12":"product_tag-en-iyi-sicak-hava-tabancasi","13":"product_tag-en-ucuz-sicak-hava-tabancasi","14":"product_tag-isitici-hava-tabancasi","15":"product_tag-isitma-tabancasi","16":"product_tag-makaron-tabancasi","17":"product_tag-mini-sicak-hava-tabancasi","18":"product_tag-profesyonel-sicak-hava-tabancasi","19":"product_tag-sicak-hava-tabancasi","20":"product_tag-sicak-hava-tabancasi-elektronik","21":"product_tag-sicak-hava-tabancasi-en-ucuz","22":"product_tag-sicak-hava-tabancasi-fiyatlari","23":"product_tag-sicak-hava-ufleme-tabancasi","24":"product_tag-sicak-tabanca","25":"product_tag-sicak-ufleme-tabancasi","26":"desktop-align-left","27":"tablet-align-left","28":"mobile-align-left","30":"first","31":"outofstock","32":"taxable","33":"shipping-taxable","34":"purchasable","35":"product-type-simple"},"yoast_head":"<!-- This site is optimized with the Yoast SEO plugin v26.6 - https:\/\/yoast.com\/wordpress\/plugins\/seo\/ -->\n<title>S\u0131cak Hava Tabancas\u0131 2000w Atlas - E-Ticaret UYUMPLAST AMBALAJ<\/title>\n<meta name=\"description\" content=\"S\u0131cak Hava Tabancas\u0131 2000w. 600 dereceye kadar \u0131s\u0131 yayabilir.\u00a0G\u00fcvenli \u00e7al\u0131\u015fma i\u00e7in a\u015f\u0131r\u0131 \u0131s\u0131nma korumas\u0131. Hassas objeler \u00fczerinde \u00e7al\u0131\u015fmak i\u00e7in m\u00fckemmel bir se\u00e7enektir.\" \/>\n<meta name=\"robots\" content=\"index, follow, max-snippet:-1, max-image-preview:large, max-video-preview:-1\" \/>\n<link rel=\"canonical\" href=\"https:\/\/uyumplast.com\/ONLINE\/urun\/sicak-hava-tabancasi-atlas\/\" \/>\n<meta property=\"og:locale\" content=\"tr_TR\" \/>\n<meta property=\"og:type\" content=\"article\" \/>\n<meta property=\"og:title\" content=\"S\u0131cak Hava Tabancas\u0131 2000w Atlas - E-Ticaret UYUMPLAST AMBALAJ\" \/>\n<meta property=\"og:description\" content=\"S\u0131cak Hava Tabancas\u0131 2000w. 600 dereceye kadar \u0131s\u0131 yayabilir.\u00a0G\u00fcvenli \u00e7al\u0131\u015fma i\u00e7in a\u015f\u0131r\u0131 \u0131s\u0131nma korumas\u0131. Hassas objeler \u00fczerinde \u00e7al\u0131\u015fmak i\u00e7in m\u00fckemmel bir se\u00e7enektir.\" \/>\n<meta property=\"og:url\" content=\"https:\/\/uyumplast.com\/ONLINE\/urun\/sicak-hava-tabancasi-atlas\/\" \/>\n<meta property=\"og:site_name\" content=\"E-Ticaret UYUMPLAST AMBALAJ\" \/>\n<meta property=\"article:modified_time\" content=\"2021-12-17T14:43:21+00:00\" \/>\n<meta property=\"og:image\" content=\"https:\/\/i0.wp.com\/uyumplast.com\/ONLINE\/wp-content\/uploads\/2021\/04\/WhatsApp-Image-2021-04-02-at-16.11.24.jpeg?fit=828%2C1024&ssl=1\" \/>\n\t<meta property=\"og:image:width\" content=\"828\" \/>\n\t<meta property=\"og:image:height\" content=\"1024\" \/>\n\t<meta property=\"og:image:type\" content=\"image\/jpeg\" \/>\n<meta name=\"twitter:card\" content=\"summary_large_image\" \/>\n<meta name=\"twitter:label1\" content=\"Tahmini okuma s\u00fcresi\" \/>\n\t<meta name=\"twitter:data1\" content=\"1 dakika\" \/>\n<script type=\"application\/ld+json\" class=\"yoast-schema-graph\">{\"@context\":\"https:\/\/schema.org\",\"@graph\":[{\"@type\":\"WebPage\",\"@id\":\"https:\/\/uyumplast.com\/ONLINE\/urun\/sicak-hava-tabancasi-atlas\/\",\"url\":\"https:\/\/uyumplast.com\/ONLINE\/urun\/sicak-hava-tabancasi-atlas\/\",\"name\":\"S\u0131cak Hava Tabancas\u0131 2000w Atlas - E-Ticaret UYUMPLAST AMBALAJ\",\"isPartOf\":{\"@id\":\"https:\/\/uyumplast.com\/ONLINE\/#website\"},\"primaryImageOfPage\":{\"@id\":\"https:\/\/uyumplast.com\/ONLINE\/urun\/sicak-hava-tabancasi-atlas\/#primaryimage\"},\"image\":{\"@id\":\"https:\/\/uyumplast.com\/ONLINE\/urun\/sicak-hava-tabancasi-atlas\/#primaryimage\"},\"thumbnailUrl\":\"https:\/\/i0.wp.com\/uyumplast.com\/ONLINE\/wp-content\/uploads\/2021\/04\/WhatsApp-Image-2021-04-02-at-16.11.24.jpeg?fit=828%2C1024&ssl=1\",\"datePublished\":\"2021-04-02T13:36:40+00:00\",\"dateModified\":\"2021-12-17T14:43:21+00:00\",\"description\":\"S\u0131cak Hava Tabancas\u0131 2000w. 600 dereceye kadar \u0131s\u0131 yayabilir.\u00a0G\u00fcvenli \u00e7al\u0131\u015fma i\u00e7in a\u015f\u0131r\u0131 \u0131s\u0131nma korumas\u0131. Hassas objeler \u00fczerinde \u00e7al\u0131\u015fmak i\u00e7in m\u00fckemmel bir se\u00e7enektir.\",\"breadcrumb\":{\"@id\":\"https:\/\/uyumplast.com\/ONLINE\/urun\/sicak-hava-tabancasi-atlas\/#breadcrumb\"},\"inLanguage\":\"tr\",\"potentialAction\":[{\"@type\":\"ReadAction\",\"target\":[\"https:\/\/uyumplast.com\/ONLINE\/urun\/sicak-hava-tabancasi-atlas\/\"]}]},{\"@type\":\"ImageObject\",\"inLanguage\":\"tr\",\"@id\":\"https:\/\/uyumplast.com\/ONLINE\/urun\/sicak-hava-tabancasi-atlas\/#primaryimage\",\"url\":\"https:\/\/i0.wp.com\/uyumplast.com\/ONLINE\/wp-content\/uploads\/2021\/04\/WhatsApp-Image-2021-04-02-at-16.11.24.jpeg?fit=828%2C1024&ssl=1\",\"contentUrl\":\"https:\/\/i0.wp.com\/uyumplast.com\/ONLINE\/wp-content\/uploads\/2021\/04\/WhatsApp-Image-2021-04-02-at-16.11.24.jpeg?fit=828%2C1024&ssl=1\",\"width\":828,\"height\":1024,\"caption\":\"S\u0131cak Hava Tabancas\u0131 2000w\"},{\"@type\":\"BreadcrumbList\",\"@id\":\"https:\/\/uyumplast.com\/ONLINE\/urun\/sicak-hava-tabancasi-atlas\/#breadcrumb\",\"itemListElement\":[{\"@type\":\"ListItem\",\"position\":1,\"name\":\"Anasayfa\",\"item\":\"https:\/\/uyumplast.com\/ONLINE\/\"},{\"@type\":\"ListItem\",\"position\":2,\"name\":\"Ma\u011faza\",\"item\":\"https:\/\/uyumplast.com\/ONLINE\/magaza\/\"},{\"@type\":\"ListItem\",\"position\":3,\"name\":\"S\u0131cak Hava Tabancas\u0131 2000w Atlas\"}]},{\"@type\":\"WebSite\",\"@id\":\"https:\/\/uyumplast.com\/ONLINE\/#website\",\"url\":\"https:\/\/uyumplast.com\/ONLINE\/\",\"name\":\"E-Ticaret UYUMPLAST AMBALAJ\",\"description\":\"Uyumlu olmak Kazand\u0131r\u0131r\",\"publisher\":{\"@id\":\"https:\/\/uyumplast.com\/ONLINE\/#organization\"},\"potentialAction\":[{\"@type\":\"SearchAction\",\"target\":{\"@type\":\"EntryPoint\",\"urlTemplate\":\"https:\/\/uyumplast.com\/ONLINE\/?s={search_term_string}\"},\"query-input\":{\"@type\":\"PropertyValueSpecification\",\"valueRequired\":true,\"valueName\":\"search_term_string\"}}],\"inLanguage\":\"tr\"},{\"@type\":\"Organization\",\"@id\":\"https:\/\/uyumplast.com\/ONLINE\/#organization\",\"name\":\"E-Ticaret UYUMPLAST AMBALAJ\",\"url\":\"https:\/\/uyumplast.com\/ONLINE\/\",\"logo\":{\"@type\":\"ImageObject\",\"inLanguage\":\"tr\",\"@id\":\"https:\/\/uyumplast.com\/ONLINE\/#\/schema\/logo\/image\/\",\"url\":\"https:\/\/i0.wp.com\/uyumplast.com\/ONLINE\/wp-content\/uploads\/2021\/03\/cropped-uyumplast_LOGO-2.jpg?fit=399%2C250&ssl=1\",\"contentUrl\":\"https:\/\/i0.wp.com\/uyumplast.com\/ONLINE\/wp-content\/uploads\/2021\/03\/cropped-uyumplast_LOGO-2.jpg?fit=399%2C250&ssl=1\",\"width\":399,\"height\":250,\"caption\":\"E-Ticaret UYUMPLAST AMBALAJ\"},\"image\":{\"@id\":\"https:\/\/uyumplast.com\/ONLINE\/#\/schema\/logo\/image\/\"}}]}<\/script>\n<!-- \/ Yoast SEO plugin. -->","yoast_head_json":{"title":"S\u0131cak Hava Tabancas\u0131 2000w Atlas - E-Ticaret UYUMPLAST AMBALAJ","description":"S\u0131cak Hava Tabancas\u0131 2000w. 600 dereceye kadar \u0131s\u0131 yayabilir.\u00a0G\u00fcvenli \u00e7al\u0131\u015fma i\u00e7in a\u015f\u0131r\u0131 \u0131s\u0131nma korumas\u0131. Hassas objeler \u00fczerinde \u00e7al\u0131\u015fmak i\u00e7in m\u00fckemmel bir se\u00e7enektir.","robots":{"index":"index","follow":"follow","max-snippet":"max-snippet:-1","max-image-preview":"max-image-preview:large","max-video-preview":"max-video-preview:-1"},"canonical":"https:\/\/uyumplast.com\/ONLINE\/urun\/sicak-hava-tabancasi-atlas\/","og_locale":"tr_TR","og_type":"article","og_title":"S\u0131cak Hava Tabancas\u0131 2000w Atlas - E-Ticaret UYUMPLAST AMBALAJ","og_description":"S\u0131cak Hava Tabancas\u0131 2000w. 600 dereceye kadar \u0131s\u0131 yayabilir.\u00a0G\u00fcvenli \u00e7al\u0131\u015fma i\u00e7in a\u015f\u0131r\u0131 \u0131s\u0131nma korumas\u0131. Hassas objeler \u00fczerinde \u00e7al\u0131\u015fmak i\u00e7in m\u00fckemmel bir se\u00e7enektir.","og_url":"https:\/\/uyumplast.com\/ONLINE\/urun\/sicak-hava-tabancasi-atlas\/","og_site_name":"E-Ticaret UYUMPLAST AMBALAJ","article_modified_time":"2021-12-17T14:43:21+00:00","og_image":[{"width":828,"height":1024,"url":"https:\/\/i0.wp.com\/uyumplast.com\/ONLINE\/wp-content\/uploads\/2021\/04\/WhatsApp-Image-2021-04-02-at-16.11.24.jpeg?fit=828%2C1024&ssl=1","type":"image\/jpeg"}],"twitter_card":"summary_large_image","twitter_misc":{"Tahmini okuma s\u00fcresi":"1 dakika"},"schema":{"@context":"https:\/\/schema.org","@graph":[{"@type":"WebPage","@id":"https:\/\/uyumplast.com\/ONLINE\/urun\/sicak-hava-tabancasi-atlas\/","url":"https:\/\/uyumplast.com\/ONLINE\/urun\/sicak-hava-tabancasi-atlas\/","name":"S\u0131cak Hava Tabancas\u0131 2000w Atlas - E-Ticaret UYUMPLAST AMBALAJ","isPartOf":{"@id":"https:\/\/uyumplast.com\/ONLINE\/#website"},"primaryImageOfPage":{"@id":"https:\/\/uyumplast.com\/ONLINE\/urun\/sicak-hava-tabancasi-atlas\/#primaryimage"},"image":{"@id":"https:\/\/uyumplast.com\/ONLINE\/urun\/sicak-hava-tabancasi-atlas\/#primaryimage"},"thumbnailUrl":"https:\/\/i0.wp.com\/uyumplast.com\/ONLINE\/wp-content\/uploads\/2021\/04\/WhatsApp-Image-2021-04-02-at-16.11.24.jpeg?fit=828%2C1024&ssl=1","datePublished":"2021-04-02T13:36:40+00:00","dateModified":"2021-12-17T14:43:21+00:00","description":"S\u0131cak Hava Tabancas\u0131 2000w. 600 dereceye kadar \u0131s\u0131 yayabilir.\u00a0G\u00fcvenli \u00e7al\u0131\u015fma i\u00e7in a\u015f\u0131r\u0131 \u0131s\u0131nma korumas\u0131. Hassas objeler \u00fczerinde \u00e7al\u0131\u015fmak i\u00e7in m\u00fckemmel bir se\u00e7enektir.","breadcrumb":{"@id":"https:\/\/uyumplast.com\/ONLINE\/urun\/sicak-hava-tabancasi-atlas\/#breadcrumb"},"inLanguage":"tr","potentialAction":[{"@type":"ReadAction","target":["https:\/\/uyumplast.com\/ONLINE\/urun\/sicak-hava-tabancasi-atlas\/"]}]},{"@type":"ImageObject","inLanguage":"tr","@id":"https:\/\/uyumplast.com\/ONLINE\/urun\/sicak-hava-tabancasi-atlas\/#primaryimage","url":"https:\/\/i0.wp.com\/uyumplast.com\/ONLINE\/wp-content\/uploads\/2021\/04\/WhatsApp-Image-2021-04-02-at-16.11.24.jpeg?fit=828%2C1024&ssl=1","contentUrl":"https:\/\/i0.wp.com\/uyumplast.com\/ONLINE\/wp-content\/uploads\/2021\/04\/WhatsApp-Image-2021-04-02-at-16.11.24.jpeg?fit=828%2C1024&ssl=1","width":828,"height":1024,"caption":"S\u0131cak Hava Tabancas\u0131 2000w"},{"@type":"BreadcrumbList","@id":"https:\/\/uyumplast.com\/ONLINE\/urun\/sicak-hava-tabancasi-atlas\/#breadcrumb","itemListElement":[{"@type":"ListItem","position":1,"name":"Anasayfa","item":"https:\/\/uyumplast.com\/ONLINE\/"},{"@type":"ListItem","position":2,"name":"Ma\u011faza","item":"https:\/\/uyumplast.com\/ONLINE\/magaza\/"},{"@type":"ListItem","position":3,"name":"S\u0131cak Hava Tabancas\u0131 2000w Atlas"}]},{"@type":"WebSite","@id":"https:\/\/uyumplast.com\/ONLINE\/#website","url":"https:\/\/uyumplast.com\/ONLINE\/","name":"E-Ticaret UYUMPLAST AMBALAJ","description":"Uyumlu olmak Kazand\u0131r\u0131r","publisher":{"@id":"https:\/\/uyumplast.com\/ONLINE\/#organization"},"potentialAction":[{"@type":"SearchAction","target":{"@type":"EntryPoint","urlTemplate":"https:\/\/uyumplast.com\/ONLINE\/?s={search_term_string}"},"query-input":{"@type":"PropertyValueSpecification","valueRequired":true,"valueName":"search_term_string"}}],"inLanguage":"tr"},{"@type":"Organization","@id":"https:\/\/uyumplast.com\/ONLINE\/#organization","name":"E-Ticaret UYUMPLAST AMBALAJ","url":"https:\/\/uyumplast.com\/ONLINE\/","logo":{"@type":"ImageObject","inLanguage":"tr","@id":"https:\/\/uyumplast.com\/ONLINE\/#\/schema\/logo\/image\/","url":"https:\/\/i0.wp.com\/uyumplast.com\/ONLINE\/wp-content\/uploads\/2021\/03\/cropped-uyumplast_LOGO-2.jpg?fit=399%2C250&ssl=1","contentUrl":"https:\/\/i0.wp.com\/uyumplast.com\/ONLINE\/wp-content\/uploads\/2021\/03\/cropped-uyumplast_LOGO-2.jpg?fit=399%2C250&ssl=1","width":399,"height":250,"caption":"E-Ticaret UYUMPLAST AMBALAJ"},"image":{"@id":"https:\/\/uyumplast.com\/ONLINE\/#\/schema\/logo\/image\/"}}]}},"jetpack-related-posts":[],"jetpack_sharing_enabled":true,"_links":{"self":[{"href":"https:\/\/uyumplast.com\/ONLINE\/wp-json\/wp\/v2\/product\/195","targetHints":{"allow":["GET"]}}],"collection":[{"href":"https:\/\/uyumplast.com\/ONLINE\/wp-json\/wp\/v2\/product"}],"about":[{"href":"https:\/\/uyumplast.com\/ONLINE\/wp-json\/wp\/v2\/types\/product"}],"replies":[{"embeddable":true,"href":"https:\/\/uyumplast.com\/ONLINE\/wp-json\/wp\/v2\/comments?post=195"}],"wp:featuredmedia":[{"embeddable":true,"href":"https:\/\/uyumplast.com\/ONLINE\/wp-json\/wp\/v2\/media\/196"}],"wp:attachment":[{"href":"https:\/\/uyumplast.com\/ONLINE\/wp-json\/wp\/v2\/media?parent=195"}],"wp:term":[{"taxonomy":"product_brand","embeddable":true,"href":"https:\/\/uyumplast.com\/ONLINE\/wp-json\/wp\/v2\/product_brand?post=195"},{"taxonomy":"product_cat","embeddable":true,"href":"https:\/\/uyumplast.com\/ONLINE\/wp-json\/wp\/v2\/product_cat?post=195"},{"taxonomy":"product_tag","embeddable":true,"href":"https:\/\/uyumplast.com\/ONLINE\/wp-json\/wp\/v2\/product_tag?post=195"}],"curies":[{"name":"wp","href":"https:\/\/api.w.org\/{rel}","templated":true}]}}