{"id":62,"date":"2021-03-17T14:33:08","date_gmt":"2021-03-17T14:33:08","guid":{"rendered":"https:\/\/uyumplast.com\/ONLINE\/?post_type=product&#038;p=62"},"modified":"2026-02-18T00:47:05","modified_gmt":"2026-02-18T00:47:05","slug":"82-85-cap-kavanoz-garanti-bandi","status":"publish","type":"product","link":"https:\/\/uyumplast.com\/ONLINE\/urun\/82-85-cap-kavanoz-garanti-bandi\/","title":{"rendered":"82-85 \u00c7ap 20.000 adet Kavanoz Garanti band\u0131"},"content":{"rendered":"<p>1 Kg Bal kavanozu i\u00e7in Uygundur. (660cc \/ 720cc)<br \/>\n* Bu sipari\u015f 20.000 adet garandi band\u0131 i\u00e7erir<br \/>\n* \u00dczerinde \u0130ngilizce T\u00fcrk\u00e7e Garanti band\u0131 yazar<\/p>\n","protected":false},"excerpt":{"rendered":"<p>1 Kg Bal kavanozu i\u00e7in Uygundur. (660cc \/ 720cc)<\/p>\n<p>* Bu sipari\u015f 20.000 adet garandi band\u0131 i\u00e7erir<\/p>\n<p>* \u00dczerinde \u0130ngilizce T\u00fcrk\u00e7e Garanti band\u0131 yazar<\/p>\n<h2><strong>\u00dcr\u00fcnlerde Miktar iskontosu vard\u0131r.<\/strong><\/h2>\n","protected":false},"featured_media":74,"comment_status":"open","ping_status":"closed","template":"","meta":{"site-sidebar-layout":"default","site-content-layout":"","ast-site-content-layout":"default","site-content-style":"default","site-sidebar-style":"default","ast-global-header-display":"","ast-banner-title-visibility":"","ast-main-header-display":"","ast-hfb-above-header-display":"","ast-hfb-below-header-display":"","ast-hfb-mobile-header-display":"","site-post-title":"","ast-breadcrumbs-content":"","ast-featured-img":"","footer-sml-layout":"","ast-disable-related-posts":"","theme-transparent-header-meta":"","adv-header-id-meta":"","stick-header-meta":"","header-above-stick-meta":"","header-main-stick-meta":"","header-below-stick-meta":"","astra-migrate-meta-layouts":"default","ast-page-background-enabled":"default","ast-page-background-meta":{"desktop":{"background-color":"var(--ast-global-color-4)","background-image":"","background-repeat":"repeat","background-position":"center center","background-size":"auto","background-attachment":"scroll","background-type":"","background-media":"","overlay-type":"","overlay-color":"","overlay-opacity":"","overlay-gradient":""},"tablet":{"background-color":"","background-image":"","background-repeat":"repeat","background-position":"center center","background-size":"auto","background-attachment":"scroll","background-type":"","background-media":"","overlay-type":"","overlay-color":"","overlay-opacity":"","overlay-gradient":""},"mobile":{"background-color":"","background-image":"","background-repeat":"repeat","background-position":"center center","background-size":"auto","background-attachment":"scroll","background-type":"","background-media":"","overlay-type":"","overlay-color":"","overlay-opacity":"","overlay-gradient":""}},"ast-content-background-meta":{"desktop":{"background-color":"var(--ast-global-color-5)","background-image":"","background-repeat":"repeat","background-position":"center center","background-size":"auto","background-attachment":"scroll","background-type":"","background-media":"","overlay-type":"","overlay-color":"","overlay-opacity":"","overlay-gradient":""},"tablet":{"background-color":"var(--ast-global-color-5)","background-image":"","background-repeat":"repeat","background-position":"center center","background-size":"auto","background-attachment":"scroll","background-type":"","background-media":"","overlay-type":"","overlay-color":"","overlay-opacity":"","overlay-gradient":""},"mobile":{"background-color":"var(--ast-global-color-5)","background-image":"","background-repeat":"repeat","background-position":"center center","background-size":"auto","background-attachment":"scroll","background-type":"","background-media":"","overlay-type":"","overlay-color":"","overlay-opacity":"","overlay-gradient":""}}},"product_brand":[],"product_cat":[31],"product_tag":[],"class_list":{"0":"post-62","1":"product","2":"type-product","3":"status-publish","4":"has-post-thumbnail","6":"product_cat-garanti-bantlari","7":"desktop-align-left","8":"tablet-align-left","9":"mobile-align-left","11":"first","12":"instock","13":"taxable","14":"shipping-taxable","15":"purchasable","16":"product-type-simple"},"yoast_head":"<!-- This site is optimized with the Yoast SEO plugin v26.6 - https:\/\/yoast.com\/wordpress\/plugins\/seo\/ -->\n<title>82-85 \u00c7ap 20.000 adet Kavanoz Garanti band\u0131 - E-Ticaret UYUMPLAST AMBALAJ<\/title>\n<meta name=\"description\" content=\"kavanoz kapak band\u0131 g\u00fcvenlik band\u0131 garanti band\u0131 660 cc \u00fcretimi 82-85 \u00e7ap garanti band\u0131\" \/>\n<meta name=\"robots\" content=\"index, follow, max-snippet:-1, max-image-preview:large, max-video-preview:-1\" \/>\n<link rel=\"canonical\" href=\"https:\/\/uyumplast.com\/ONLINE\/urun\/82-85-cap-kavanoz-garanti-bandi\/\" \/>\n<meta property=\"og:locale\" content=\"tr_TR\" \/>\n<meta property=\"og:type\" content=\"article\" \/>\n<meta property=\"og:title\" content=\"82-85 \u00c7ap 20.000 adet Kavanoz Garanti band\u0131 - E-Ticaret UYUMPLAST AMBALAJ\" \/>\n<meta property=\"og:description\" content=\"kavanoz kapak band\u0131 g\u00fcvenlik band\u0131 garanti band\u0131 660 cc \u00fcretimi 82-85 \u00e7ap garanti band\u0131\" \/>\n<meta property=\"og:url\" content=\"https:\/\/uyumplast.com\/ONLINE\/urun\/82-85-cap-kavanoz-garanti-bandi\/\" \/>\n<meta property=\"og:site_name\" content=\"E-Ticaret UYUMPLAST AMBALAJ\" \/>\n<meta property=\"article:modified_time\" content=\"2026-02-18T00:47:05+00:00\" \/>\n<meta property=\"og:image\" content=\"https:\/\/i0.wp.com\/uyumplast.com\/ONLINE\/wp-content\/uploads\/2021\/03\/pvc_sleeve_garanti_bandi_emniyet_bandi-6.jpg?fit=539%2C290&ssl=1\" \/>\n\t<meta property=\"og:image:width\" content=\"539\" \/>\n\t<meta property=\"og:image:height\" content=\"290\" \/>\n\t<meta property=\"og:image:type\" content=\"image\/jpeg\" \/>\n<meta name=\"twitter:card\" content=\"summary_large_image\" \/>\n<meta name=\"twitter:label1\" content=\"Tahmini okuma s\u00fcresi\" \/>\n\t<meta name=\"twitter:data1\" content=\"1 dakika\" \/>\n<script type=\"application\/ld+json\" class=\"yoast-schema-graph\">{\"@context\":\"https:\/\/schema.org\",\"@graph\":[{\"@type\":[\"WebPage\",\"ItemPage\"],\"@id\":\"https:\/\/uyumplast.com\/ONLINE\/urun\/82-85-cap-kavanoz-garanti-bandi\/\",\"url\":\"https:\/\/uyumplast.com\/ONLINE\/urun\/82-85-cap-kavanoz-garanti-bandi\/\",\"name\":\"82-85 \u00c7ap 20.000 adet Kavanoz Garanti band\u0131 - E-Ticaret UYUMPLAST AMBALAJ\",\"isPartOf\":{\"@id\":\"https:\/\/uyumplast.com\/ONLINE\/#website\"},\"primaryImageOfPage\":{\"@id\":\"https:\/\/uyumplast.com\/ONLINE\/urun\/82-85-cap-kavanoz-garanti-bandi\/#primaryimage\"},\"image\":{\"@id\":\"https:\/\/uyumplast.com\/ONLINE\/urun\/82-85-cap-kavanoz-garanti-bandi\/#primaryimage\"},\"thumbnailUrl\":\"https:\/\/i0.wp.com\/uyumplast.com\/ONLINE\/wp-content\/uploads\/2021\/03\/pvc_sleeve_garanti_bandi_emniyet_bandi-6.jpg?fit=539%2C290&ssl=1\",\"datePublished\":\"2021-03-17T14:33:08+00:00\",\"dateModified\":\"2026-02-18T00:47:05+00:00\",\"description\":\"kavanoz kapak band\u0131 g\u00fcvenlik band\u0131 garanti band\u0131 660 cc \u00fcretimi 82-85 \u00e7ap garanti band\u0131\",\"breadcrumb\":{\"@id\":\"https:\/\/uyumplast.com\/ONLINE\/urun\/82-85-cap-kavanoz-garanti-bandi\/#breadcrumb\"},\"inLanguage\":\"tr\",\"potentialAction\":[{\"@type\":\"ReadAction\",\"target\":[\"https:\/\/uyumplast.com\/ONLINE\/urun\/82-85-cap-kavanoz-garanti-bandi\/\"]}]},{\"@type\":\"ImageObject\",\"inLanguage\":\"tr\",\"@id\":\"https:\/\/uyumplast.com\/ONLINE\/urun\/82-85-cap-kavanoz-garanti-bandi\/#primaryimage\",\"url\":\"https:\/\/i0.wp.com\/uyumplast.com\/ONLINE\/wp-content\/uploads\/2021\/03\/pvc_sleeve_garanti_bandi_emniyet_bandi-6.jpg?fit=539%2C290&ssl=1\",\"contentUrl\":\"https:\/\/i0.wp.com\/uyumplast.com\/ONLINE\/wp-content\/uploads\/2021\/03\/pvc_sleeve_garanti_bandi_emniyet_bandi-6.jpg?fit=539%2C290&ssl=1\",\"width\":539,\"height\":290},{\"@type\":\"BreadcrumbList\",\"@id\":\"https:\/\/uyumplast.com\/ONLINE\/urun\/82-85-cap-kavanoz-garanti-bandi\/#breadcrumb\",\"itemListElement\":[{\"@type\":\"ListItem\",\"position\":1,\"name\":\"Anasayfa\",\"item\":\"https:\/\/uyumplast.com\/ONLINE\/\"},{\"@type\":\"ListItem\",\"position\":2,\"name\":\"Ma\u011faza\",\"item\":\"https:\/\/uyumplast.com\/ONLINE\/magaza\/\"},{\"@type\":\"ListItem\",\"position\":3,\"name\":\"82-85 \u00c7ap 20.000 adet Kavanoz Garanti band\u0131\"}]},{\"@type\":\"WebSite\",\"@id\":\"https:\/\/uyumplast.com\/ONLINE\/#website\",\"url\":\"https:\/\/uyumplast.com\/ONLINE\/\",\"name\":\"E-Ticaret UYUMPLAST AMBALAJ\",\"description\":\"Uyumlu olmak Kazand\u0131r\u0131r\",\"publisher\":{\"@id\":\"https:\/\/uyumplast.com\/ONLINE\/#organization\"},\"potentialAction\":[{\"@type\":\"SearchAction\",\"target\":{\"@type\":\"EntryPoint\",\"urlTemplate\":\"https:\/\/uyumplast.com\/ONLINE\/?s={search_term_string}\"},\"query-input\":{\"@type\":\"PropertyValueSpecification\",\"valueRequired\":true,\"valueName\":\"search_term_string\"}}],\"inLanguage\":\"tr\"},{\"@type\":\"Organization\",\"@id\":\"https:\/\/uyumplast.com\/ONLINE\/#organization\",\"name\":\"E-Ticaret UYUMPLAST AMBALAJ\",\"url\":\"https:\/\/uyumplast.com\/ONLINE\/\",\"logo\":{\"@type\":\"ImageObject\",\"inLanguage\":\"tr\",\"@id\":\"https:\/\/uyumplast.com\/ONLINE\/#\/schema\/logo\/image\/\",\"url\":\"https:\/\/i0.wp.com\/uyumplast.com\/ONLINE\/wp-content\/uploads\/2021\/03\/cropped-uyumplast_LOGO-2.jpg?fit=399%2C250&ssl=1\",\"contentUrl\":\"https:\/\/i0.wp.com\/uyumplast.com\/ONLINE\/wp-content\/uploads\/2021\/03\/cropped-uyumplast_LOGO-2.jpg?fit=399%2C250&ssl=1\",\"width\":399,\"height\":250,\"caption\":\"E-Ticaret UYUMPLAST AMBALAJ\"},\"image\":{\"@id\":\"https:\/\/uyumplast.com\/ONLINE\/#\/schema\/logo\/image\/\"}}]}<\/script>\n<!-- \/ Yoast SEO plugin. -->","yoast_head_json":{"title":"82-85 \u00c7ap 20.000 adet Kavanoz Garanti band\u0131 - E-Ticaret UYUMPLAST AMBALAJ","description":"kavanoz kapak band\u0131 g\u00fcvenlik band\u0131 garanti band\u0131 660 cc \u00fcretimi 82-85 \u00e7ap garanti band\u0131","robots":{"index":"index","follow":"follow","max-snippet":"max-snippet:-1","max-image-preview":"max-image-preview:large","max-video-preview":"max-video-preview:-1"},"canonical":"https:\/\/uyumplast.com\/ONLINE\/urun\/82-85-cap-kavanoz-garanti-bandi\/","og_locale":"tr_TR","og_type":"article","og_title":"82-85 \u00c7ap 20.000 adet Kavanoz Garanti band\u0131 - E-Ticaret UYUMPLAST AMBALAJ","og_description":"kavanoz kapak band\u0131 g\u00fcvenlik band\u0131 garanti band\u0131 660 cc \u00fcretimi 82-85 \u00e7ap garanti band\u0131","og_url":"https:\/\/uyumplast.com\/ONLINE\/urun\/82-85-cap-kavanoz-garanti-bandi\/","og_site_name":"E-Ticaret UYUMPLAST AMBALAJ","article_modified_time":"2026-02-18T00:47:05+00:00","og_image":[{"width":539,"height":290,"url":"https:\/\/i0.wp.com\/uyumplast.com\/ONLINE\/wp-content\/uploads\/2021\/03\/pvc_sleeve_garanti_bandi_emniyet_bandi-6.jpg?fit=539%2C290&ssl=1","type":"image\/jpeg"}],"twitter_card":"summary_large_image","twitter_misc":{"Tahmini okuma s\u00fcresi":"1 dakika"},"schema":{"@context":"https:\/\/schema.org","@graph":[{"@type":["WebPage","ItemPage"],"@id":"https:\/\/uyumplast.com\/ONLINE\/urun\/82-85-cap-kavanoz-garanti-bandi\/","url":"https:\/\/uyumplast.com\/ONLINE\/urun\/82-85-cap-kavanoz-garanti-bandi\/","name":"82-85 \u00c7ap 20.000 adet Kavanoz Garanti band\u0131 - E-Ticaret UYUMPLAST AMBALAJ","isPartOf":{"@id":"https:\/\/uyumplast.com\/ONLINE\/#website"},"primaryImageOfPage":{"@id":"https:\/\/uyumplast.com\/ONLINE\/urun\/82-85-cap-kavanoz-garanti-bandi\/#primaryimage"},"image":{"@id":"https:\/\/uyumplast.com\/ONLINE\/urun\/82-85-cap-kavanoz-garanti-bandi\/#primaryimage"},"thumbnailUrl":"https:\/\/i0.wp.com\/uyumplast.com\/ONLINE\/wp-content\/uploads\/2021\/03\/pvc_sleeve_garanti_bandi_emniyet_bandi-6.jpg?fit=539%2C290&ssl=1","datePublished":"2021-03-17T14:33:08+00:00","dateModified":"2026-02-18T00:47:05+00:00","description":"kavanoz kapak band\u0131 g\u00fcvenlik band\u0131 garanti band\u0131 660 cc \u00fcretimi 82-85 \u00e7ap garanti band\u0131","breadcrumb":{"@id":"https:\/\/uyumplast.com\/ONLINE\/urun\/82-85-cap-kavanoz-garanti-bandi\/#breadcrumb"},"inLanguage":"tr","potentialAction":[{"@type":"ReadAction","target":["https:\/\/uyumplast.com\/ONLINE\/urun\/82-85-cap-kavanoz-garanti-bandi\/"]}]},{"@type":"ImageObject","inLanguage":"tr","@id":"https:\/\/uyumplast.com\/ONLINE\/urun\/82-85-cap-kavanoz-garanti-bandi\/#primaryimage","url":"https:\/\/i0.wp.com\/uyumplast.com\/ONLINE\/wp-content\/uploads\/2021\/03\/pvc_sleeve_garanti_bandi_emniyet_bandi-6.jpg?fit=539%2C290&ssl=1","contentUrl":"https:\/\/i0.wp.com\/uyumplast.com\/ONLINE\/wp-content\/uploads\/2021\/03\/pvc_sleeve_garanti_bandi_emniyet_bandi-6.jpg?fit=539%2C290&ssl=1","width":539,"height":290},{"@type":"BreadcrumbList","@id":"https:\/\/uyumplast.com\/ONLINE\/urun\/82-85-cap-kavanoz-garanti-bandi\/#breadcrumb","itemListElement":[{"@type":"ListItem","position":1,"name":"Anasayfa","item":"https:\/\/uyumplast.com\/ONLINE\/"},{"@type":"ListItem","position":2,"name":"Ma\u011faza","item":"https:\/\/uyumplast.com\/ONLINE\/magaza\/"},{"@type":"ListItem","position":3,"name":"82-85 \u00c7ap 20.000 adet Kavanoz Garanti band\u0131"}]},{"@type":"WebSite","@id":"https:\/\/uyumplast.com\/ONLINE\/#website","url":"https:\/\/uyumplast.com\/ONLINE\/","name":"E-Ticaret UYUMPLAST AMBALAJ","description":"Uyumlu olmak Kazand\u0131r\u0131r","publisher":{"@id":"https:\/\/uyumplast.com\/ONLINE\/#organization"},"potentialAction":[{"@type":"SearchAction","target":{"@type":"EntryPoint","urlTemplate":"https:\/\/uyumplast.com\/ONLINE\/?s={search_term_string}"},"query-input":{"@type":"PropertyValueSpecification","valueRequired":true,"valueName":"search_term_string"}}],"inLanguage":"tr"},{"@type":"Organization","@id":"https:\/\/uyumplast.com\/ONLINE\/#organization","name":"E-Ticaret UYUMPLAST AMBALAJ","url":"https:\/\/uyumplast.com\/ONLINE\/","logo":{"@type":"ImageObject","inLanguage":"tr","@id":"https:\/\/uyumplast.com\/ONLINE\/#\/schema\/logo\/image\/","url":"https:\/\/i0.wp.com\/uyumplast.com\/ONLINE\/wp-content\/uploads\/2021\/03\/cropped-uyumplast_LOGO-2.jpg?fit=399%2C250&ssl=1","contentUrl":"https:\/\/i0.wp.com\/uyumplast.com\/ONLINE\/wp-content\/uploads\/2021\/03\/cropped-uyumplast_LOGO-2.jpg?fit=399%2C250&ssl=1","width":399,"height":250,"caption":"E-Ticaret UYUMPLAST AMBALAJ"},"image":{"@id":"https:\/\/uyumplast.com\/ONLINE\/#\/schema\/logo\/image\/"}}]}},"jetpack-related-posts":[],"jetpack_sharing_enabled":true,"_links":{"self":[{"href":"https:\/\/uyumplast.com\/ONLINE\/wp-json\/wp\/v2\/product\/62","targetHints":{"allow":["GET"]}}],"collection":[{"href":"https:\/\/uyumplast.com\/ONLINE\/wp-json\/wp\/v2\/product"}],"about":[{"href":"https:\/\/uyumplast.com\/ONLINE\/wp-json\/wp\/v2\/types\/product"}],"replies":[{"embeddable":true,"href":"https:\/\/uyumplast.com\/ONLINE\/wp-json\/wp\/v2\/comments?post=62"}],"wp:featuredmedia":[{"embeddable":true,"href":"https:\/\/uyumplast.com\/ONLINE\/wp-json\/wp\/v2\/media\/74"}],"wp:attachment":[{"href":"https:\/\/uyumplast.com\/ONLINE\/wp-json\/wp\/v2\/media?parent=62"}],"wp:term":[{"taxonomy":"product_brand","embeddable":true,"href":"https:\/\/uyumplast.com\/ONLINE\/wp-json\/wp\/v2\/product_brand?post=62"},{"taxonomy":"product_cat","embeddable":true,"href":"https:\/\/uyumplast.com\/ONLINE\/wp-json\/wp\/v2\/product_cat?post=62"},{"taxonomy":"product_tag","embeddable":true,"href":"https:\/\/uyumplast.com\/ONLINE\/wp-json\/wp\/v2\/product_tag?post=62"}],"curies":[{"name":"wp","href":"https:\/\/api.w.org\/{rel}","templated":true}]}}